{"id":212641,"date":"2024-04-26T08:50:56","date_gmt":"2024-04-26T06:50:56","guid":{"rendered":"https:\/\/stetson-europe.com\/?page_id=212641"},"modified":"2024-04-26T09:00:02","modified_gmt":"2024-04-26T07:00:02","slug":"shop","status":"publish","type":"page","link":"https:\/\/stetson-europe.com\/de\/shop\/","title":{"rendered":"SHOP"},"content":{"rendered":"","protected":false},"excerpt":{"rendered":"<p>Hier kannst du Gesch\u00e4fte f\u00fcr Stetson-H\u00fcte und M\u00fctzen in deiner N\u00e4he suchen. Die Suche kann nach dem gew\u00fcnschten Stetson-Stil, dem Ort oder der PLZ erfolgen.<\/p>\n","protected":false},"author":4,"featured_media":0,"parent":0,"menu_order":0,"comment_status":"closed","ping_status":"closed","template":"","meta":{"_acf_changed":false,"footnotes":""},"class_list":["post-212641","page","type-page","status-publish","hentry"],"acf":[],"_links":{"self":[{"href":"https:\/\/stetson-europe.com\/de\/wp-json\/wp\/v2\/pages\/212641","targetHints":{"allow":["GET"]}}],"collection":[{"href":"https:\/\/stetson-europe.com\/de\/wp-json\/wp\/v2\/pages"}],"about":[{"href":"https:\/\/stetson-europe.com\/de\/wp-json\/wp\/v2\/types\/page"}],"author":[{"embeddable":true,"href":"https:\/\/stetson-europe.com\/de\/wp-json\/wp\/v2\/users\/4"}],"replies":[{"embeddable":true,"href":"https:\/\/stetson-europe.com\/de\/wp-json\/wp\/v2\/comments?post=212641"}],"version-history":[{"count":3,"href":"https:\/\/stetson-europe.com\/de\/wp-json\/wp\/v2\/pages\/212641\/revisions"}],"predecessor-version":[{"id":212655,"href":"https:\/\/stetson-europe.com\/de\/wp-json\/wp\/v2\/pages\/212641\/revisions\/212655"}],"wp:attachment":[{"href":"https:\/\/stetson-europe.com\/de\/wp-json\/wp\/v2\/media?parent=212641"}],"curies":[{"name":"wp","href":"https:\/\/api.w.org\/{rel}","templated":true}]}}