{"id":357,"date":"2019-06-06T09:25:38","date_gmt":"2019-06-06T07:25:38","guid":{"rendered":"http:\/\/luum.stetson-europe.com\/wp\/?page_id=357"},"modified":"2026-02-17T17:54:55","modified_gmt":"2026-02-17T16:54:55","slug":"shoplocator","status":"publish","type":"page","link":"https:\/\/stetson-europe.com\/de\/shoplocator\/","title":{"rendered":"Shoplocator"},"content":{"rendered":"","protected":false},"excerpt":{"rendered":"<p>Hier kannst du Gesch\u00e4fte f\u00fcr Stetson-H\u00fcte und M\u00fctzen in deiner N\u00e4he suchen. Die Suche kann nach dem gew\u00fcnschten Stetson-Stil, dem Ort oder der PLZ erfolgen.<\/p>\n","protected":false},"author":1,"featured_media":0,"parent":0,"menu_order":0,"comment_status":"closed","ping_status":"closed","template":"","meta":{"_acf_changed":false,"footnotes":""},"class_list":["post-357","page","type-page","status-publish","hentry"],"acf":[],"_links":{"self":[{"href":"https:\/\/stetson-europe.com\/de\/wp-json\/wp\/v2\/pages\/357","targetHints":{"allow":["GET"]}}],"collection":[{"href":"https:\/\/stetson-europe.com\/de\/wp-json\/wp\/v2\/pages"}],"about":[{"href":"https:\/\/stetson-europe.com\/de\/wp-json\/wp\/v2\/types\/page"}],"author":[{"embeddable":true,"href":"https:\/\/stetson-europe.com\/de\/wp-json\/wp\/v2\/users\/1"}],"replies":[{"embeddable":true,"href":"https:\/\/stetson-europe.com\/de\/wp-json\/wp\/v2\/comments?post=357"}],"version-history":[{"count":83,"href":"https:\/\/stetson-europe.com\/de\/wp-json\/wp\/v2\/pages\/357\/revisions"}],"predecessor-version":[{"id":216161,"href":"https:\/\/stetson-europe.com\/de\/wp-json\/wp\/v2\/pages\/357\/revisions\/216161"}],"wp:attachment":[{"href":"https:\/\/stetson-europe.com\/de\/wp-json\/wp\/v2\/media?parent=357"}],"curies":[{"name":"wp","href":"https:\/\/api.w.org\/{rel}","templated":true}]}}