{"id":6,"date":"2019-05-10T14:02:03","date_gmt":"2019-05-10T12:02:03","guid":{"rendered":"http:\/\/luum.stetson-europe.com\/wp\/?page_id=6"},"modified":"2025-04-29T11:22:35","modified_gmt":"2025-04-29T09:22:35","slug":"historie","status":"publish","type":"page","link":"https:\/\/stetson-europe.com\/de\/historie\/","title":{"rendered":"Historie"},"content":{"rendered":"","protected":false},"excerpt":{"rendered":"<p>Stetson History: 1830 &#8211; John Batterson Stetson wurde 1830 in East Orange, New Jersey geboren. Sein Vater Stephan Stetson war ein erfolgreicher Hutmacher und f\u00fchrte die \u201eNo Name Hat Company\u201c. Diese war f\u00fcr die ausgezeichnete Qualit\u00e4t seiner H\u00fcte bekannt und John B. lernte den Handel von klein auf. Als eines von dreizehn Kindern war die Wahrscheinlichkeit den Betrieb zu \u00fcbernehmen jedoch sehr gering; 1860 &#8211; In den fr\u00fchen 1860er Jahren machte sich John B. auf nach Pike\u2019s Peak, um sein Gl\u00fcck als Goldgr\u00e4ber zu versuchen. W\u00e4hrend er in der Wildnis schlief, nutzte er primitive Filz-Techniken, um wasserabweisende Decken und seinen ersten Hut zum Schutz gegen die Naturgewalten herzustellen. Dieser Hut war der originale \u201eBoss of the Plains\u201c, ein Westernhut, der sp\u00e4ter einen Grundstein f\u00fcr Stetsons Hut-Gesch\u00e4ft bilden sollte und der noch heute hergestellt wird (siehe Foto);<\/p>\n","protected":false},"author":1,"featured_media":0,"parent":0,"menu_order":0,"comment_status":"closed","ping_status":"closed","template":"timeline.php","meta":{"_acf_changed":false,"footnotes":""},"class_list":["post-6","page","type-page","status-publish","hentry"],"acf":[],"_links":{"self":[{"href":"https:\/\/stetson-europe.com\/de\/wp-json\/wp\/v2\/pages\/6","targetHints":{"allow":["GET"]}}],"collection":[{"href":"https:\/\/stetson-europe.com\/de\/wp-json\/wp\/v2\/pages"}],"about":[{"href":"https:\/\/stetson-europe.com\/de\/wp-json\/wp\/v2\/types\/page"}],"author":[{"embeddable":true,"href":"https:\/\/stetson-europe.com\/de\/wp-json\/wp\/v2\/users\/1"}],"replies":[{"embeddable":true,"href":"https:\/\/stetson-europe.com\/de\/wp-json\/wp\/v2\/comments?post=6"}],"version-history":[{"count":30,"href":"https:\/\/stetson-europe.com\/de\/wp-json\/wp\/v2\/pages\/6\/revisions"}],"predecessor-version":[{"id":215274,"href":"https:\/\/stetson-europe.com\/de\/wp-json\/wp\/v2\/pages\/6\/revisions\/215274"}],"wp:attachment":[{"href":"https:\/\/stetson-europe.com\/de\/wp-json\/wp\/v2\/media?parent=6"}],"curies":[{"name":"wp","href":"https:\/\/api.w.org\/{rel}","templated":true}]}}