{"id":212649,"date":"2024-04-26T08:54:30","date_gmt":"2024-04-26T06:54:30","guid":{"rendered":"https:\/\/stetson-europe.com\/?page_id=212649"},"modified":"2024-04-26T08:56:26","modified_gmt":"2024-04-26T06:56:26","slug":"shop","status":"publish","type":"page","link":"https:\/\/stetson-europe.com\/es\/shop\/","title":{"rendered":"SHOP"},"content":{"rendered":"","protected":false},"excerpt":{"rendered":"<p>Aqu\u00ed podr\u00e1s encontrar tiendas de sombreros y gorras Stetson en tu zona. La b\u00fasqueda se puede realizar de acuerdo con el estilo de Stetson deseado, el nombre de la tienda, la ubicaci\u00f3n o el c\u00f3digo postal.<\/p>\n","protected":false},"author":4,"featured_media":0,"parent":0,"menu_order":0,"comment_status":"closed","ping_status":"closed","template":"","meta":{"_acf_changed":false,"footnotes":""},"class_list":["post-212649","page","type-page","status-publish","hentry"],"acf":[],"_links":{"self":[{"href":"https:\/\/stetson-europe.com\/es\/wp-json\/wp\/v2\/pages\/212649","targetHints":{"allow":["GET"]}}],"collection":[{"href":"https:\/\/stetson-europe.com\/es\/wp-json\/wp\/v2\/pages"}],"about":[{"href":"https:\/\/stetson-europe.com\/es\/wp-json\/wp\/v2\/types\/page"}],"author":[{"embeddable":true,"href":"https:\/\/stetson-europe.com\/es\/wp-json\/wp\/v2\/users\/4"}],"replies":[{"embeddable":true,"href":"https:\/\/stetson-europe.com\/es\/wp-json\/wp\/v2\/comments?post=212649"}],"version-history":[{"count":2,"href":"https:\/\/stetson-europe.com\/es\/wp-json\/wp\/v2\/pages\/212649\/revisions"}],"predecessor-version":[{"id":212651,"href":"https:\/\/stetson-europe.com\/es\/wp-json\/wp\/v2\/pages\/212649\/revisions\/212651"}],"wp:attachment":[{"href":"https:\/\/stetson-europe.com\/es\/wp-json\/wp\/v2\/media?parent=212649"}],"curies":[{"name":"wp","href":"https:\/\/api.w.org\/{rel}","templated":true}]}}