{"id":5365,"date":"2019-06-06T09:25:38","date_gmt":"2019-06-06T07:25:38","guid":{"rendered":"http:\/\/luum.stetson-europe.com\/retailer\/"},"modified":"2026-02-17T17:50:57","modified_gmt":"2026-02-17T16:50:57","slug":"shoplocator","status":"publish","type":"page","link":"https:\/\/stetson-europe.com\/es\/shoplocator\/","title":{"rendered":"Shoplocator"},"content":{"rendered":"","protected":false},"excerpt":{"rendered":"<p>Aqu\u00ed podr\u00e1s encontrar tiendas de sombreros y gorras Stetson en tu zona. La b\u00fasqueda se puede realizar de acuerdo con el estilo de Stetson deseado, el nombre de la tienda, la ubicaci\u00f3n o el c\u00f3digo postal.<\/p>\n","protected":false},"author":1,"featured_media":0,"parent":0,"menu_order":0,"comment_status":"closed","ping_status":"closed","template":"","meta":{"_acf_changed":false,"footnotes":""},"class_list":["post-5365","page","type-page","status-publish","hentry"],"acf":[],"_links":{"self":[{"href":"https:\/\/stetson-europe.com\/es\/wp-json\/wp\/v2\/pages\/5365","targetHints":{"allow":["GET"]}}],"collection":[{"href":"https:\/\/stetson-europe.com\/es\/wp-json\/wp\/v2\/pages"}],"about":[{"href":"https:\/\/stetson-europe.com\/es\/wp-json\/wp\/v2\/types\/page"}],"author":[{"embeddable":true,"href":"https:\/\/stetson-europe.com\/es\/wp-json\/wp\/v2\/users\/1"}],"replies":[{"embeddable":true,"href":"https:\/\/stetson-europe.com\/es\/wp-json\/wp\/v2\/comments?post=5365"}],"version-history":[{"count":54,"href":"https:\/\/stetson-europe.com\/es\/wp-json\/wp\/v2\/pages\/5365\/revisions"}],"predecessor-version":[{"id":216160,"href":"https:\/\/stetson-europe.com\/es\/wp-json\/wp\/v2\/pages\/5365\/revisions\/216160"}],"wp:attachment":[{"href":"https:\/\/stetson-europe.com\/es\/wp-json\/wp\/v2\/media?parent=5365"}],"curies":[{"name":"wp","href":"https:\/\/api.w.org\/{rel}","templated":true}]}}