{"id":5315,"date":"2019-05-10T14:02:03","date_gmt":"2019-05-10T12:02:03","guid":{"rendered":"http:\/\/luum.stetson-europe.com\/historie\/"},"modified":"2025-04-29T11:23:51","modified_gmt":"2025-04-29T09:23:51","slug":"lhistoire","status":"publish","type":"page","link":"https:\/\/stetson-europe.com\/fr\/lhistoire\/","title":{"rendered":"L&#8217;histoire"},"content":{"rendered":"","protected":false},"excerpt":{"rendered":"<p>John Batterson Stetson est n\u00e9 en 1830 \u00e0 East Orange dans le New Jersey. Son p\u00e8re, Stephen Stetson, \u00e9tait un c\u00e9l\u00e8bre chapelier qui a dirig\u00e9 la \u00ab No Name Hat Company \u00bb. Cette entreprise \u00e9tait connue pour  la qualit\u00e9 sup\u00e9rieure de ses chapeaux et John B.  a appris le commerce quand il \u00e9tait enfant. Pourtant, ayant treize fr\u00e8res et soeurs, John B n\u2019avait pas beaucoup de chance d\u2019h\u00e9riter de l\u2019affaire.<\/p>\n","protected":false},"author":1,"featured_media":0,"parent":0,"menu_order":0,"comment_status":"closed","ping_status":"closed","template":"timeline.php","meta":{"_acf_changed":false,"footnotes":""},"class_list":["post-5315","page","type-page","status-publish","hentry"],"acf":[],"_links":{"self":[{"href":"https:\/\/stetson-europe.com\/fr\/wp-json\/wp\/v2\/pages\/5315","targetHints":{"allow":["GET"]}}],"collection":[{"href":"https:\/\/stetson-europe.com\/fr\/wp-json\/wp\/v2\/pages"}],"about":[{"href":"https:\/\/stetson-europe.com\/fr\/wp-json\/wp\/v2\/types\/page"}],"author":[{"embeddable":true,"href":"https:\/\/stetson-europe.com\/fr\/wp-json\/wp\/v2\/users\/1"}],"replies":[{"embeddable":true,"href":"https:\/\/stetson-europe.com\/fr\/wp-json\/wp\/v2\/comments?post=5315"}],"version-history":[{"count":13,"href":"https:\/\/stetson-europe.com\/fr\/wp-json\/wp\/v2\/pages\/5315\/revisions"}],"predecessor-version":[{"id":215276,"href":"https:\/\/stetson-europe.com\/fr\/wp-json\/wp\/v2\/pages\/5315\/revisions\/215276"}],"wp:attachment":[{"href":"https:\/\/stetson-europe.com\/fr\/wp-json\/wp\/v2\/media?parent=5315"}],"curies":[{"name":"wp","href":"https:\/\/api.w.org\/{rel}","templated":true}]}}