{"id":5334,"date":"2019-05-10T14:02:43","date_gmt":"2019-05-10T12:02:43","guid":{"rendered":"http:\/\/luum.stetson-europe.com\/gewinnspiel\/"},"modified":"2021-08-25T09:27:57","modified_gmt":"2021-08-25T07:27:57","slug":"tombola-bar","status":"publish","type":"page","link":"https:\/\/stetson-europe.com\/fr\/tombola-bar\/","title":{"rendered":"Tombola_alt"},"content":{"rendered":"","protected":false},"excerpt":{"rendered":"<p>Rencontrer les digital people IRL ? Alors gagnez avec Stetson un voyage de gaming haut de gamme pour deux \u00e0 Cologne. \u00c9quip\u00e9s de styles Stetson, rendez-vous en ao\u00fbt 2020 \u00e0 la Gamescon, au centre de la culture du jeu num\u00e9rique. Faites comme les ambassadeurs de la campagne automne\/hiver 2019 \u2013 l\u2019h\u00e9ro\u00efne de cosplay et adepte de streaming Calisto, le gamer professionnel Ryan Hart et le youtubeur Marco Santos \u2013 et faites monter d\u2019un cran votre propre style dans la ville anim\u00e9e de Cologne. Vous ferez partie des heureux participants au tirage au sort de la Gamescon (transfert compris, nuit\u00e9e avec petit-d\u00e9jeuner) si vous r\u00e9pondez correctement \u00e0 la question du quiz jusqu\u2019au 31\/01\/2020 (les conditions de participation sont applicables). Bonne chance !<\/p>\n","protected":false},"author":1,"featured_media":0,"parent":0,"menu_order":0,"comment_status":"closed","ping_status":"closed","template":"","meta":{"_acf_changed":false,"footnotes":""},"class_list":["post-5334","page","type-page","status-publish","hentry"],"acf":[],"_links":{"self":[{"href":"https:\/\/stetson-europe.com\/fr\/wp-json\/wp\/v2\/pages\/5334","targetHints":{"allow":["GET"]}}],"collection":[{"href":"https:\/\/stetson-europe.com\/fr\/wp-json\/wp\/v2\/pages"}],"about":[{"href":"https:\/\/stetson-europe.com\/fr\/wp-json\/wp\/v2\/types\/page"}],"author":[{"embeddable":true,"href":"https:\/\/stetson-europe.com\/fr\/wp-json\/wp\/v2\/users\/1"}],"replies":[{"embeddable":true,"href":"https:\/\/stetson-europe.com\/fr\/wp-json\/wp\/v2\/comments?post=5334"}],"version-history":[{"count":15,"href":"https:\/\/stetson-europe.com\/fr\/wp-json\/wp\/v2\/pages\/5334\/revisions"}],"predecessor-version":[{"id":45417,"href":"https:\/\/stetson-europe.com\/fr\/wp-json\/wp\/v2\/pages\/5334\/revisions\/45417"}],"wp:attachment":[{"href":"https:\/\/stetson-europe.com\/fr\/wp-json\/wp\/v2\/media?parent=5334"}],"curies":[{"name":"wp","href":"https:\/\/api.w.org\/{rel}","templated":true}]}}