{"id":5399,"date":"2019-05-10T14:02:03","date_gmt":"2019-05-10T12:02:03","guid":{"rendered":"http:\/\/luum.stetson-europe.com\/historie\/"},"modified":"2025-04-29T11:24:34","modified_gmt":"2025-04-29T09:24:34","slug":"storia","status":"publish","type":"page","link":"https:\/\/stetson-europe.com\/it\/storia\/","title":{"rendered":"Storia"},"content":{"rendered":"","protected":false},"excerpt":{"rendered":"<p>John Batterson Stetson \u00e8 nato nel 1830 a East Orange, nel New Jersey. Suo padre, Stephan Stetson, era un cappellaio di successo e dirigeva la \u201cNo Name Hat Company\u201d. Quest\u2019azienda era conosciuta per la qualit\u00e0 straordinaria dei suo cappelli e John B. impar\u00f2 questo mestiere artigiano in tenera et\u00e0. Nato in una famiglia con tredici figli, le probabilit\u00e0 di ereditare l\u2019attivit\u00e0 erano tuttavia molto basse.<\/p>\n","protected":false},"author":1,"featured_media":0,"parent":0,"menu_order":0,"comment_status":"closed","ping_status":"closed","template":"timeline.php","meta":{"_acf_changed":false,"footnotes":""},"class_list":["post-5399","page","type-page","status-publish","hentry"],"acf":[],"_links":{"self":[{"href":"https:\/\/stetson-europe.com\/it\/wp-json\/wp\/v2\/pages\/5399","targetHints":{"allow":["GET"]}}],"collection":[{"href":"https:\/\/stetson-europe.com\/it\/wp-json\/wp\/v2\/pages"}],"about":[{"href":"https:\/\/stetson-europe.com\/it\/wp-json\/wp\/v2\/types\/page"}],"author":[{"embeddable":true,"href":"https:\/\/stetson-europe.com\/it\/wp-json\/wp\/v2\/users\/1"}],"replies":[{"embeddable":true,"href":"https:\/\/stetson-europe.com\/it\/wp-json\/wp\/v2\/comments?post=5399"}],"version-history":[{"count":13,"href":"https:\/\/stetson-europe.com\/it\/wp-json\/wp\/v2\/pages\/5399\/revisions"}],"predecessor-version":[{"id":215277,"href":"https:\/\/stetson-europe.com\/it\/wp-json\/wp\/v2\/pages\/5399\/revisions\/215277"}],"wp:attachment":[{"href":"https:\/\/stetson-europe.com\/it\/wp-json\/wp\/v2\/media?parent=5399"}],"curies":[{"name":"wp","href":"https:\/\/api.w.org\/{rel}","templated":true}]}}